{"id":130,"date":"2024-09-04T16:04:25","date_gmt":"2024-09-04T16:04:25","guid":{"rendered":"https:\/\/dezentrale.art\/?page_id=130"},"modified":"2025-04-18T17:32:48","modified_gmt":"2025-04-18T17:32:48","slug":"galerie","status":"publish","type":"page","link":"https:\/\/dezentrale.art\/index.php\/galerie\/","title":{"rendered":"Galerie"},"content":{"rendered":"<div class=\"wp-block-image\">\n<figure class=\"aligncenter size-large\"><img loading=\"lazy\" decoding=\"async\" width=\"1024\" height=\"498\" src=\"https:\/\/dezentrale.art\/wp-content\/uploads\/2024\/09\/Ausstellungsansichten01-1-1024x498.jpg\" alt=\"\" class=\"wp-image-131\" srcset=\"https:\/\/dezentrale.art\/wp-content\/uploads\/2024\/09\/Ausstellungsansichten01-1-1024x498.jpg 1024w, https:\/\/dezentrale.art\/wp-content\/uploads\/2024\/09\/Ausstellungsansichten01-1-300x146.jpg 300w, https:\/\/dezentrale.art\/wp-content\/uploads\/2024\/09\/Ausstellungsansichten01-1-768x374.jpg 768w, https:\/\/dezentrale.art\/wp-content\/uploads\/2024\/09\/Ausstellungsansichten01-1-1536x747.jpg 1536w, https:\/\/dezentrale.art\/wp-content\/uploads\/2024\/09\/Ausstellungsansichten01-1-2048x996.jpg 2048w\" sizes=\"auto, (max-width: 1024px) 100vw, 1024px\" \/><\/figure>\n<\/div>\n\n\n<p class=\"has-white-background-color has-background has-medium-font-size wp-block-paragraph\">DEZENTRALE<\/p>\n\n\n\n<p class=\"wp-block-paragraph\"><strong>Kunst am Rand. Zentrum im Kopf.<\/strong><\/p>\n\n\n\n<p class=\"wp-block-paragraph\">Die <em>DEZENTRALE<\/em> ist ein unabh\u00e4ngiger Kunstraum in Strem, S\u00fcdburgenland \u2013 gegr\u00fcndet von <a href=\"https:\/\/www.dezentrale.art\/maehring\/\" data-type=\"link\" data-id=\"https:\/\/www.dezentrale.art\/maehring\/\">Klaus M\u00e4hring<\/a> und <a href=\"https:\/\/tinski.org\/\" data-type=\"link\" data-id=\"https:\/\/tinski.org\/\">tinski<\/a>. Abseits der gro\u00dfen St\u00e4dte bietet sie einen offenen, nicht-kommerziellen Raum f\u00fcr k\u00fcnstlerische Positionen, die in der Hektik des Kulturbetriebs oft untergehen: analog fotografisch, malerisch, experimentell, poetisch.<\/p>\n\n\n\n<p class=\"wp-block-paragraph\">In der DEZENTRALE treffen sich langsame Prozesse und starke Inhalte. Gezeigt werden Arbeiten, die sich mit Landschaft, Erinnerung, Identit\u00e4t oder Wahrnehmung auseinandersetzen \u2013 immer mit einem Gesp\u00fcr f\u00fcr das Authentische, das Unausgesprochene, das, was unter der Oberfl\u00e4che liegt.<\/p>\n\n\n\n<p class=\"wp-block-paragraph\">Der Fokus liegt auf analoger Fotografie und Malerei, erweitert durch sparten\u00fcbergreifende Projekte, Kollaborationen mit internationalen wie regionalen K\u00fcnstler:innen und Veranstaltungen wie Artist Talks oder begleitende Werkstattformate.<\/p>\n\n\n\n<p class=\"has-white-background-color has-background has-medium-font-size wp-block-paragraph\">Die DEZENTRALE versteht sich nicht als Galerie im klassischen Sinn, sondern als Plattform \u2013 ein Ort f\u00fcr Begegnung, Austausch und stille Intensit\u00e4t. <\/p>\n\n\n\n<div style=\"height:10px\" aria-hidden=\"true\" class=\"wp-block-spacer\"><\/div>\n\n\n\n<blockquote class=\"wp-block-quote is-layout-flow wp-block-quote-is-layout-flow\">\n<p class=\"has-text-align-center has-black-background-color has-text-color has-background has-link-color has-medium-font-size wp-elements-a83f371e76e5b60cfffeb1705929c3b0 wp-block-paragraph\" style=\"color:#f7c75e\"><a href=\"https:\/\/dashboard.mailerlite.com\/forms\/733375\/107915786882910131\/share\" target=\"_blank\" rel=\"noreferrer noopener\">Anmeldung zum Newsletter<\/a><\/p>\n<\/blockquote>\n\n\n\n<div style=\"height:9px\" aria-hidden=\"true\" class=\"wp-block-spacer\"><\/div>\n\n\n\n<figure class=\"wp-block-gallery has-nested-images columns-default is-cropped wp-block-gallery-1 is-layout-flex wp-block-gallery-is-layout-flex\">\n<figure class=\"wp-block-image size-large\"><img loading=\"lazy\" decoding=\"async\" width=\"1024\" height=\"1024\" data-id=\"154\" src=\"https:\/\/dezentrale.art\/wp-content\/uploads\/2024\/09\/AusstellungsansichtenSquare03klein-1024x1024.jpg\" alt=\"\" class=\"wp-image-154\" srcset=\"https:\/\/dezentrale.art\/wp-content\/uploads\/2024\/09\/AusstellungsansichtenSquare03klein-1024x1024.jpg 1024w, https:\/\/dezentrale.art\/wp-content\/uploads\/2024\/09\/AusstellungsansichtenSquare03klein-300x300.jpg 300w, https:\/\/dezentrale.art\/wp-content\/uploads\/2024\/09\/AusstellungsansichtenSquare03klein-150x150.jpg 150w, https:\/\/dezentrale.art\/wp-content\/uploads\/2024\/09\/AusstellungsansichtenSquare03klein-768x768.jpg 768w, https:\/\/dezentrale.art\/wp-content\/uploads\/2024\/09\/AusstellungsansichtenSquare03klein.jpg 1500w\" sizes=\"auto, (max-width: 1024px) 100vw, 1024px\" \/><\/figure>\n\n\n\n<figure class=\"wp-block-image size-large\"><img loading=\"lazy\" decoding=\"async\" width=\"1024\" height=\"1024\" data-id=\"155\" src=\"https:\/\/dezentrale.art\/wp-content\/uploads\/2024\/09\/AusstellungsansichtenSquare02klein-1024x1024.jpg\" alt=\"\" class=\"wp-image-155\" srcset=\"https:\/\/dezentrale.art\/wp-content\/uploads\/2024\/09\/AusstellungsansichtenSquare02klein-1024x1024.jpg 1024w, https:\/\/dezentrale.art\/wp-content\/uploads\/2024\/09\/AusstellungsansichtenSquare02klein-300x300.jpg 300w, https:\/\/dezentrale.art\/wp-content\/uploads\/2024\/09\/AusstellungsansichtenSquare02klein-150x150.jpg 150w, https:\/\/dezentrale.art\/wp-content\/uploads\/2024\/09\/AusstellungsansichtenSquare02klein-768x768.jpg 768w, https:\/\/dezentrale.art\/wp-content\/uploads\/2024\/09\/AusstellungsansichtenSquare02klein.jpg 1500w\" sizes=\"auto, (max-width: 1024px) 100vw, 1024px\" \/><\/figure>\n<\/figure>\n\n\n<div class=\"wp-block-image\">\n<figure class=\"aligncenter size-large\"><img loading=\"lazy\" decoding=\"async\" width=\"1024\" height=\"311\" src=\"https:\/\/dezentrale.art\/wp-content\/uploads\/2024\/09\/Ausstellungsansichtenschmal02-1024x311.jpg\" alt=\"\" class=\"wp-image-156\" srcset=\"https:\/\/dezentrale.art\/wp-content\/uploads\/2024\/09\/Ausstellungsansichtenschmal02-1024x311.jpg 1024w, https:\/\/dezentrale.art\/wp-content\/uploads\/2024\/09\/Ausstellungsansichtenschmal02-300x91.jpg 300w, https:\/\/dezentrale.art\/wp-content\/uploads\/2024\/09\/Ausstellungsansichtenschmal02-768x233.jpg 768w, https:\/\/dezentrale.art\/wp-content\/uploads\/2024\/09\/Ausstellungsansichtenschmal02-1536x467.jpg 1536w, https:\/\/dezentrale.art\/wp-content\/uploads\/2024\/09\/Ausstellungsansichtenschmal02-2048x622.jpg 2048w\" sizes=\"auto, (max-width: 1024px) 100vw, 1024px\" \/><\/figure>\n<\/div>\n\n\n<div style=\"height:27px\" aria-hidden=\"true\" class=\"wp-block-spacer\"><\/div>\n\n\n\n<div class=\"wp-block-columns is-layout-flex wp-container-core-columns-is-layout-9d6595d7 wp-block-columns-is-layout-flex\">\n<div class=\"wp-block-column is-layout-flow wp-block-column-is-layout-flow\">\n<div style=\"height:103px\" aria-hidden=\"true\" class=\"wp-block-spacer\"><\/div>\n\n\n\n<p class=\"wp-block-paragraph\">DEZENTRALE, Fotografie &#8211; Kunst &#8211; Galerie<br>Hauptstr. 34<br>7522 Strem<\/p>\n<\/div>\n\n\n\n<div class=\"wp-block-column is-layout-flow wp-block-column-is-layout-flow\"><div class=\"wp-block-image\">\n<figure class=\"alignright size-full\"><img loading=\"lazy\" decoding=\"async\" width=\"877\" height=\"428\" src=\"https:\/\/dezentrale.art\/wp-content\/uploads\/2024\/09\/cropped-dezentrale_LOGO-01-1.jpg\" alt=\"\" class=\"wp-image-87\" srcset=\"https:\/\/dezentrale.art\/wp-content\/uploads\/2024\/09\/cropped-dezentrale_LOGO-01-1.jpg 877w, https:\/\/dezentrale.art\/wp-content\/uploads\/2024\/09\/cropped-dezentrale_LOGO-01-1-300x146.jpg 300w, https:\/\/dezentrale.art\/wp-content\/uploads\/2024\/09\/cropped-dezentrale_LOGO-01-1-768x375.jpg 768w\" sizes=\"auto, (max-width: 877px) 100vw, 877px\" \/><\/figure>\n<\/div><\/div>\n<\/div>\n","protected":false},"excerpt":{"rendered":"<p>DEZENTRALE Kunst am Rand. Zentrum im Kopf. Die DEZENTRALE ist ein unabh\u00e4ngiger Kunstraum in Strem, S\u00fcdburgenland \u2013 gegr\u00fcndet von Klaus M\u00e4hring und tinski. Abseits der gro\u00dfen St\u00e4dte bietet sie einen offenen, nicht-kommerziellen Raum f\u00fcr k\u00fcnstlerische Positionen, die in der Hektik des Kulturbetriebs oft untergehen: analog fotografisch, malerisch, experimentell, poetisch. In der DEZENTRALE treffen sich langsame [&hellip;]<\/p>\n","protected":false},"author":1,"featured_media":0,"parent":0,"menu_order":0,"comment_status":"closed","ping_status":"closed","template":"","meta":{"_crdt_document":"","ngg_post_thumbnail":0,"_vp_format_video_url":"","_vp_image_focal_point":[],"footnotes":""},"class_list":["post-130","page","type-page","status-publish","hentry"],"_links":{"self":[{"href":"https:\/\/dezentrale.art\/index.php\/wp-json\/wp\/v2\/pages\/130","targetHints":{"allow":["GET"]}}],"collection":[{"href":"https:\/\/dezentrale.art\/index.php\/wp-json\/wp\/v2\/pages"}],"about":[{"href":"https:\/\/dezentrale.art\/index.php\/wp-json\/wp\/v2\/types\/page"}],"author":[{"embeddable":true,"href":"https:\/\/dezentrale.art\/index.php\/wp-json\/wp\/v2\/users\/1"}],"replies":[{"embeddable":true,"href":"https:\/\/dezentrale.art\/index.php\/wp-json\/wp\/v2\/comments?post=130"}],"version-history":[{"count":15,"href":"https:\/\/dezentrale.art\/index.php\/wp-json\/wp\/v2\/pages\/130\/revisions"}],"predecessor-version":[{"id":396,"href":"https:\/\/dezentrale.art\/index.php\/wp-json\/wp\/v2\/pages\/130\/revisions\/396"}],"wp:attachment":[{"href":"https:\/\/dezentrale.art\/index.php\/wp-json\/wp\/v2\/media?parent=130"}],"curies":[{"name":"wp","href":"https:\/\/api.w.org\/{rel}","templated":true}]}}