{"id":304,"date":"2024-09-05T13:27:15","date_gmt":"2024-09-05T13:27:15","guid":{"rendered":"https:\/\/dezentrale.art\/?page_id=304"},"modified":"2025-04-18T17:28:17","modified_gmt":"2025-04-18T17:28:17","slug":"photolabo","status":"publish","type":"page","link":"https:\/\/dezentrale.art\/index.php\/photolabo\/","title":{"rendered":"Photolabo"},"content":{"rendered":"\n<div class=\"wp-block-envira-envira-gallery\"><div id=\"envira-gallery-wrap-310\" class=\"envira-gallery-wrap envira-gallery-theme-base envira-lightbox-theme-base\" itemscope itemtype=\"https:\/\/schema.org\/ImageGallery\"><div data-row-height=\"\" data-gallery-theme=\"\" id=\"envira-gallery-310\" class=\"envira-gallery-public  envira-gallery-3-columns envira-clear enviratope envira-gallery-css-animations\" data-envira-columns=\"3\"><div id=\"envira-gallery-item-308\" class=\"envira-gallery-item enviratope-item envira-gallery-item-1 envira-lazy-load\" style=\"padding-left: 1px; padding-bottom: 1px; padding-right: 1px;\"  itemscope itemtype=\"https:\/\/schema.org\/ImageObject\"><div class=\"envira-gallery-item-inner\"><div class=\"envira-gallery-position-overlay  envira-gallery-top-left\"><\/div><div class=\"envira-gallery-position-overlay  envira-gallery-top-right\"><\/div><div class=\"envira-gallery-position-overlay  envira-gallery-bottom-left\"><\/div><div class=\"envira-gallery-position-overlay  envira-gallery-bottom-right\"><\/div><a href=\"https:\/\/dezentrale.art\/wp-content\/uploads\/2024\/09\/photolabo2.jpeg\" class=\"envira-gallery-310 envira-gallery-link\" rel=\"enviragallery310\" title=\"photolabo2\" data-envira-caption=\"photolabo2\" data-envira-retina=\"\" data-thumbnail=\"\"  itemprop=\"contentUrl\"><div class=\"envira-lazy\" data-test-width=\"640\" data-test-height=\"480\" style=\"padding-bottom:75%;\"><img decoding=\"async\" id=\"envira-gallery-image-308\" class=\"envira-gallery-image envira-gallery-image-1\" data-envira-index=\"1\" src=\"https:\/\/dezentrale.art\/wp-content\/uploads\/2024\/09\/photolabo2-640x480.jpeg\" data-envira-src=\"https:\/\/dezentrale.art\/wp-content\/uploads\/2024\/09\/photolabo2-640x480.jpeg\" data-envira-gallery-id=\"310\" data-envira-item-id=\"308\" data-envira-caption=\"photolabo2\" alt=\"\" title=\"photolabo2\"  itemprop=\"thumbnailUrl\" data-envira-srcset=\"https:\/\/dezentrale.art\/wp-content\/uploads\/2024\/09\/photolabo2-640x480.jpeg 400w,https:\/\/dezentrale.art\/wp-content\/uploads\/2024\/09\/photolabo2-640x480.jpeg 2x\" srcset=\"data:image\/gif;base64,R0lGODlhAQABAIAAAP\/\/\/\/\/\/\/yH5BAEKAAEALAAAAAABAAEAAAICTAEAOw==\" \/><\/div><\/a><\/div><\/div><div id=\"envira-gallery-item-309\" class=\"envira-gallery-item enviratope-item envira-gallery-item-2 envira-lazy-load\" style=\"padding-left: 1px; padding-bottom: 1px; padding-right: 1px;\"  itemscope itemtype=\"https:\/\/schema.org\/ImageObject\"><div class=\"envira-gallery-item-inner\"><div class=\"envira-gallery-position-overlay  envira-gallery-top-left\"><\/div><div class=\"envira-gallery-position-overlay  envira-gallery-top-right\"><\/div><div class=\"envira-gallery-position-overlay  envira-gallery-bottom-left\"><\/div><div class=\"envira-gallery-position-overlay  envira-gallery-bottom-right\"><\/div><a href=\"https:\/\/dezentrale.art\/wp-content\/uploads\/2024\/09\/photolabo1.jpeg\" class=\"envira-gallery-310 envira-gallery-link\" rel=\"enviragallery310\" title=\"photolabo1\" data-envira-caption=\"photolabo1\" data-envira-retina=\"\" data-thumbnail=\"\"  itemprop=\"contentUrl\"><div class=\"envira-lazy\" data-test-width=\"640\" data-test-height=\"480\" style=\"padding-bottom:75%;\"><img decoding=\"async\" id=\"envira-gallery-image-309\" class=\"envira-gallery-image envira-gallery-image-2\" data-envira-index=\"2\" src=\"https:\/\/dezentrale.art\/wp-content\/uploads\/2024\/09\/photolabo1-640x480.jpeg\" data-envira-src=\"https:\/\/dezentrale.art\/wp-content\/uploads\/2024\/09\/photolabo1-640x480.jpeg\" data-envira-gallery-id=\"310\" data-envira-item-id=\"309\" data-envira-caption=\"photolabo1\" alt=\"\" title=\"photolabo1\"  itemprop=\"thumbnailUrl\" data-envira-srcset=\"https:\/\/dezentrale.art\/wp-content\/uploads\/2024\/09\/photolabo1-640x480.jpeg 400w,https:\/\/dezentrale.art\/wp-content\/uploads\/2024\/09\/photolabo1-640x480.jpeg 2x\" srcset=\"data:image\/gif;base64,R0lGODlhAQABAIAAAP\/\/\/\/\/\/\/yH5BAEKAAEALAAAAAABAAEAAAICTAEAOw==\" \/><\/div><\/a><\/div><\/div><div id=\"envira-gallery-item-307\" class=\"envira-gallery-item enviratope-item envira-gallery-item-3 envira-lazy-load\" style=\"padding-left: 1px; padding-bottom: 1px; padding-right: 1px;\"  itemscope itemtype=\"https:\/\/schema.org\/ImageObject\"><div class=\"envira-gallery-item-inner\"><div class=\"envira-gallery-position-overlay  envira-gallery-top-left\"><\/div><div class=\"envira-gallery-position-overlay  envira-gallery-top-right\"><\/div><div class=\"envira-gallery-position-overlay  envira-gallery-bottom-left\"><\/div><div class=\"envira-gallery-position-overlay  envira-gallery-bottom-right\"><\/div><a href=\"https:\/\/dezentrale.art\/wp-content\/uploads\/2024\/09\/photolabo3.jpeg\" class=\"envira-gallery-310 envira-gallery-link\" rel=\"enviragallery310\" title=\"photolabo3\" data-envira-caption=\"photolabo3\" data-envira-retina=\"\" data-thumbnail=\"\"  itemprop=\"contentUrl\"><div class=\"envira-lazy\" data-test-width=\"640\" data-test-height=\"480\" style=\"padding-bottom:75%;\"><img decoding=\"async\" id=\"envira-gallery-image-307\" class=\"envira-gallery-image envira-gallery-image-3\" data-envira-index=\"3\" src=\"https:\/\/dezentrale.art\/wp-content\/uploads\/2024\/09\/photolabo3-640x480.jpeg\" data-envira-src=\"https:\/\/dezentrale.art\/wp-content\/uploads\/2024\/09\/photolabo3-640x480.jpeg\" data-envira-gallery-id=\"310\" data-envira-item-id=\"307\" data-envira-caption=\"photolabo3\" alt=\"\" title=\"photolabo3\"  itemprop=\"thumbnailUrl\" data-envira-srcset=\"https:\/\/dezentrale.art\/wp-content\/uploads\/2024\/09\/photolabo3-640x480.jpeg 400w,https:\/\/dezentrale.art\/wp-content\/uploads\/2024\/09\/photolabo3-640x480.jpeg 2x\" srcset=\"data:image\/gif;base64,R0lGODlhAQABAIAAAP\/\/\/\/\/\/\/yH5BAEKAAEALAAAAAABAAEAAAICTAEAOw==\" \/><\/div><\/a><\/div><\/div><\/div><\/div><noscript><img decoding=\"async\" src=\"https:\/\/dezentrale.art\/wp-content\/uploads\/2024\/09\/photolabo2.jpeg\" alt=\"\" \/><img decoding=\"async\" src=\"https:\/\/dezentrale.art\/wp-content\/uploads\/2024\/09\/photolabo1.jpeg\" alt=\"\" \/><img decoding=\"async\" src=\"https:\/\/dezentrale.art\/wp-content\/uploads\/2024\/09\/photolabo3.jpeg\" alt=\"\" \/><\/noscript><\/div>\n\n\n\n<h3 class=\"wp-block-heading\">PHOTOLABO \u2013 Analoges Fotolabor in Strem<\/h3>\n\n\n\n<p class=\"wp-block-paragraph\"><strong>Ein Raum f\u00fcr echte Farben, echtes Handwerk und entschleunigte Prozesse.<\/strong><\/p>\n\n\n\n<p class=\"wp-block-paragraph\">Mitten im S\u00fcdburgenland befindet sich eines der wenigen spezialisierten analogen Farblabore \u00d6sterreichs: <em>PHOTOLABO<\/em> \u2013 gegr\u00fcndet von Fotograf und Masterprinter Klaus M\u00e4hring.<\/p>\n\n\n\n<p class=\"wp-block-paragraph\">Hier entstehen keine Bilder \u201eauf Knopfdruck\u201c, sondern durch Zeit, Erfahrung und pr\u00e4zises handwerkliches Arbeiten. Das Labor ist auf klassische C-Prints spezialisiert, verarbeitet werden Farbfilme aller Formate \u2013 vom Kleinbild bis zur Gro\u00dfformatplatte. Der gesamte Prozess \u2013 von der Filmentwicklung \u00fcber den Kontaktabzug bis hin zum finalen Vergr\u00f6\u00dferung \u2013 wird analog und in Handarbeit durchgef\u00fchrt.<\/p>\n\n\n\n<p class=\"wp-block-paragraph\"><strong>PHOTOLABO ist mehr als ein technischer Ort \u2013 es ist ein k\u00fcnstlerisches Laboratorium.<\/strong><br>Fotograf:innen, K\u00fcnstler:innen und Institutionen finden hier eine Umgebung, in der Qualit\u00e4t und Dialog im Vordergrund stehen. Klaus M\u00e4hring ber\u00e4t individuell, printet auf Wunsch selbst oder stellt die Infrastruktur f\u00fcr eigene Dunkelkammerprojekte zur Verf\u00fcgung.<\/p>\n\n\n\n<p class=\"wp-block-paragraph\">Ob Ausstellungsvorbereitung, Archivarbeit oder freie k\u00fcnstlerische Produktion \u2013 <em>PHOTOLABO<\/em> steht f\u00fcr einen bewussten Umgang mit dem Medium Fotografie, f\u00fcr Tiefe statt Masse, f\u00fcr Farbe mit Seele.<\/p>\n\n\n\n<p class=\"wp-block-paragraph\"><br>Besuche nach Vereinbarung.<\/p>\n","protected":false},"excerpt":{"rendered":"<p>PHOTOLABO \u2013 Analoges Fotolabor in Strem Ein Raum f\u00fcr echte Farben, echtes Handwerk und entschleunigte Prozesse. Mitten im S\u00fcdburgenland befindet sich eines der wenigen spezialisierten analogen Farblabore \u00d6sterreichs: PHOTOLABO \u2013 gegr\u00fcndet von Fotograf und Masterprinter Klaus M\u00e4hring. Hier entstehen keine Bilder \u201eauf Knopfdruck\u201c, sondern durch Zeit, Erfahrung und pr\u00e4zises handwerkliches Arbeiten. Das Labor ist auf [&hellip;]<\/p>\n","protected":false},"author":1,"featured_media":0,"parent":0,"menu_order":0,"comment_status":"closed","ping_status":"closed","template":"","meta":{"_crdt_document":"","ngg_post_thumbnail":0,"_vp_format_video_url":"","_vp_image_focal_point":[],"footnotes":""},"class_list":["post-304","page","type-page","status-publish","hentry"],"_links":{"self":[{"href":"https:\/\/dezentrale.art\/index.php\/wp-json\/wp\/v2\/pages\/304","targetHints":{"allow":["GET"]}}],"collection":[{"href":"https:\/\/dezentrale.art\/index.php\/wp-json\/wp\/v2\/pages"}],"about":[{"href":"https:\/\/dezentrale.art\/index.php\/wp-json\/wp\/v2\/types\/page"}],"author":[{"embeddable":true,"href":"https:\/\/dezentrale.art\/index.php\/wp-json\/wp\/v2\/users\/1"}],"replies":[{"embeddable":true,"href":"https:\/\/dezentrale.art\/index.php\/wp-json\/wp\/v2\/comments?post=304"}],"version-history":[{"count":3,"href":"https:\/\/dezentrale.art\/index.php\/wp-json\/wp\/v2\/pages\/304\/revisions"}],"predecessor-version":[{"id":393,"href":"https:\/\/dezentrale.art\/index.php\/wp-json\/wp\/v2\/pages\/304\/revisions\/393"}],"wp:attachment":[{"href":"https:\/\/dezentrale.art\/index.php\/wp-json\/wp\/v2\/media?parent=304"}],"curies":[{"name":"wp","href":"https:\/\/api.w.org\/{rel}","templated":true}]}}